{"id":24,"date":"2017-12-05T18:27:44","date_gmt":"2017-12-05T18:27:44","guid":{"rendered":"http:\/\/carlos-boga.local.vafe.com.ar\/?page_id=24"},"modified":"2017-12-05T18:27:44","modified_gmt":"2017-12-05T18:27:44","slug":"integrantes","status":"publish","type":"page","link":"http:\/\/www.gytabogados.com.ar\/new\/integrantes\/","title":{"rendered":"Integrantes"},"content":{"rendered":"<p>&#8211; Abogado graduado en la Pontificia Universidad Cat\u00f3lica Argentina en el a\u00f1o 1999.<\/p>\n<p>&#8211; Premio al Mejor Promedio en el Master sobre Derecho Empresarial Econ\u00f3mico dictado en la Pontifica Universidad Cat\u00f3lica Argentina en 2004.<\/p>\n<p>&#8211; Desde sus inicios y siendo un estudiante trabaj\u00f3 en diversos Juzgados Nacionales del Trabajo, continuando su carrera profesional a partir del ano 1997 en Matta y Trejo Abogados, en el cual ha participado activamente en diversos concursos preventivos de renombre como el de Sasetru S.A., Agrest S.A. y Orandi Massera S.A. Posteriormente, en el ano 1999 se incorpora a Gimenez Hutton Abogados, donde llego a estar a cargo del Departamento de Derecho Corporativo y Concursal.<\/p>\n<p>&#8211; A partir del a\u00f1o 2008 se incorpor\u00f3 como socio del Estudio \u201cGaleliano &amp; Talamona Abogados\u201d.<\/p>\n<p>&#8211; Durante su carrera se ha desempe\u00f1ado como apoderado de distintas Empresas, Compa\u00f1\u00edas Aseguradoras y entidades bancarias, tanto nacionales como internacionales de primer nivel, como Repsol Qu\u00edmica, Fagor Electrodom\u00e9sticos, Coface, Mapfre Cauci\u00f3n y Cr\u00e9dito, Compa\u00f1\u00eda Espa\u00f1ola de Seguros de Cr\u00e9dito a la Exportaci\u00f3n, Banco Santander Central Hispano, Banco Bilbao Vizcaya Argentaria, Credit Lyonnais, Torraspapel, entre otros.<\/p>\n<p>&#8211; Actualmente se desempe\u00f1a como off counsel del Estudio Alchouron, Berisso, Brady Alet y Fernandez Pelayo &amp; Balconi Abogados (ABBFP Abogados) y del Estudio Michelson Abogados en materia Concursal.<\/p>\n<p>&#8211; Profesor de la Maestr\u00eda en Derecho Empresarial que se dicta en la Universidad de Buenos Aires (UBA) as\u00ed como tambi\u00e9n de la Maestr\u00eda en Derecho Empresarial Econ\u00f3mica que se dicta en la Pontificia Universidad Cat\u00f3lia Argentina (UCA). Profesor en los Cursos de Posgrado sobre Temas Societarios y Derecho Concursal que se desarrollan en el Colegio de Abogados de San Isidro, en el \u201cPrograma Profundizado en el Curso de Derecho de la Empresa\u201d de la Universidad de Ciencias Empresariales y Sociales (UCES), en la Universidad de Belgrano, y es profesor y a la vez coordinador de los Cursos de Posgrados de \u201cTemas Societarios\u201d, de \u201cContratos Empresarios Modernos\u201d y de \u201cDerecho Concursal Profundizado\u201d de la Universidad Cat\u00f3lica Argentina.<\/p>\n<p>&#8211; Es Director y profesor de los Cursos de Posgrado de \u201cTemas Societarios\u201d, \u201cContratos Empresarios Modernos\u201d y \u201cDerecho Concursal Profundizado\u201d, organizados por la Universidad Cat\u00f3lica de Mar del Plata as\u00ed como tambi\u00e9n del Curso de Especializaci\u00f3n en Derecho Concursal y Falencial que se desarrolla en el Colegio de Abogados de San Isidro (CASI).<\/p>\n<p>&#8211; Coautor del Tratado de Derecho Comercial, de Editorial La Ley, dirigido por Ernesto Martorell.<\/p>\n<p>&#8211; Coautor del Tratado de los Conflictos Societaros, de Editorial Abeledo Perrot, dirigido por Diego Duprat.<\/p>\n<p>&#8211; Colaborador habitual de la Revista de Derecho Comercial, del Consumidor y de la Empresa de la Editorial La Ley, cuyo Director es Hector Alegria.<\/p>\n<p>&#8211; Ha realizado diversos Cursos de Posgrado, Seminarios de Actualizaci\u00f3n y Maestr\u00eda referidos al Derecho Empresarial Econ\u00f3mico, Derecho Concursal, Derecho Societario, Contratos Comerciales Modernos, Derecho Tributario.<\/p>\n<p>&#8211; Es un participante y disertante habitual de los diversos Congresos Nacionales y Encuentros Acad\u00e9micos en materia empresarial.<\/p>\n<p>&#8211; Es especialista en reestructuraci\u00f3n de pasivos y en prevenci\u00f3n de la insolvencia, as\u00ed como en derecho societario y en derecho tributario.<\/p>\n<p>&#8211; Idiomas: Castellano e Ingl\u00e9s.<\/p>\n<p><b>Foto y abajo CV de Valeria Marina Galeliano:<\/b><\/p>\n<p>-Abogada graduada en la Pontificia Universidad Cat\u00f3lica Argentina con Diploma de Honor en el a\u00f1o 1998.<\/p>\n<p>&#8211; Matriculada para el ejercicio de la profesi\u00f3n en la Ciudad de Buenos Aires as\u00ed como en la Provincia de Buenos Aires.<\/p>\n<p>&#8211; En sus or\u00edgenes se ha desempe\u00f1ado como parte integrante del Juzgado Nacional de Primera Instancia en lo Comercial N\u00ba 9 y de los Tribunales Orales N\u00ba 10 y N\u00ba 23, todos ellos de la Ciudad de Buenos Aires. Desde el a\u00f1o 1998 se desempe\u00f1\u00f3 como abogada en el Estudio Podest\u00e1 y posteriormente a partir del a\u00f1o 1999 como abogada junior en el Estudio Macleod, Barraza &amp; Asociados, encontr\u00e1ndose en dicho estudio a cargo del area del Departamento de Juicios Hipotecarios y Prendarios.<\/p>\n<p>&#8211; A partir del a\u00f1o 2007 se incorpor\u00f3 como socia en nuestro estudio.<\/p>\n<p>&#8211; Durante su carrera se desempe\u00f1\u00f3 como apoderada de distintas Empresas y Entidades financieras, de primer nivel, como Shell, Coto, Ford Credit, Plan Rombo, Renault, ABN Amro Bank, Bank Boston NA y Bando Galicia, entre otros.<\/p>\n<p>&#8211; Actualmente se desempe\u00f1a como off counsel del Estudio Alchouron, Berisso, Brady Alet y Fernandez Pelayo &amp; Balconi Abogados (ABBFP Abogados) en materia de derecho concursal.<\/p>\n<p>&#8211; Actualmente se desempe\u00f1a como disertante en diversos Cursos de Especializaci\u00f3n y de Posgrado en materia empresarial que se dictan en el Colegio de Abogados de San Isidro, en la Pontifica Universidad Cat\u00f3lica Argentina (UCA) as\u00ed como en el Curso de Posgrado sobre Derecho Concursal que se lleva a cabo en la Ciudad de Mar del Plata, organizado por la Pontificia Universidad Cat\u00f3lica Argentina.<\/p>\n<p>&#8211; Asimismo, en la actividad docente es coordinadora del Curso de Posgrado en Derecho Bancario y Financiero que se desarrolla en la Pontificia Universidad Cat\u00f3lica Argentina.<\/p>\n<p>&#8211; Asidua asistente a Seminarios, Congresos Nacionales y Cursos de Especializaci\u00f3n en Derecho de Da\u00f1os, Derecho Bancario y Financiero, Derecho Civil, Derecho Societario y Derecho Concursal.<\/p>\n<p>&#8211; Especialista en Asesoramiento de Empresas, Derecho Societario, Derecho Concursal y Derecho Laboral.<\/p>\n<p>&#8211; Idiomas: Castellano y Ingl\u00e9s.<\/p>\n","protected":false},"excerpt":{"rendered":"<p>&#8211; Abogado graduado en la Pontificia Universidad Cat\u00f3lica Argentina en el a\u00f1o 1999. &#8211; Premio al Mejor Promedio en el Master sobre Derecho Empresarial Econ\u00f3mico dictado en la Pontifica Universidad Cat\u00f3lica Argentina en 2004. &#8211; Desde sus inicios y siendo un estudiante trabaj\u00f3 en diversos Juzgados Nacionales del Trabajo, continuando&#8230;<\/p>\n","protected":false},"author":1,"featured_media":0,"parent":0,"menu_order":0,"comment_status":"closed","ping_status":"closed","template":"","meta":{"footnotes":""},"class_list":["post-24","page","type-page","status-publish","hentry"],"_links":{"self":[{"href":"http:\/\/www.gytabogados.com.ar\/new\/wp-json\/wp\/v2\/pages\/24","targetHints":{"allow":["GET"]}}],"collection":[{"href":"http:\/\/www.gytabogados.com.ar\/new\/wp-json\/wp\/v2\/pages"}],"about":[{"href":"http:\/\/www.gytabogados.com.ar\/new\/wp-json\/wp\/v2\/types\/page"}],"author":[{"embeddable":true,"href":"http:\/\/www.gytabogados.com.ar\/new\/wp-json\/wp\/v2\/users\/1"}],"replies":[{"embeddable":true,"href":"http:\/\/www.gytabogados.com.ar\/new\/wp-json\/wp\/v2\/comments?post=24"}],"version-history":[{"count":1,"href":"http:\/\/www.gytabogados.com.ar\/new\/wp-json\/wp\/v2\/pages\/24\/revisions"}],"predecessor-version":[{"id":25,"href":"http:\/\/www.gytabogados.com.ar\/new\/wp-json\/wp\/v2\/pages\/24\/revisions\/25"}],"wp:attachment":[{"href":"http:\/\/www.gytabogados.com.ar\/new\/wp-json\/wp\/v2\/media?parent=24"}],"curies":[{"name":"wp","href":"https:\/\/api.w.org\/{rel}","templated":true}]}}