{"id":1337,"date":"2018-03-19T15:16:49","date_gmt":"2018-03-19T15:16:49","guid":{"rendered":"http:\/\/test.cmsystem.com.ar\/?page_id=1337"},"modified":"2023-09-19T13:12:48","modified_gmt":"2023-09-19T13:12:48","slug":"juan_francisco_lopez_inzausti","status":"publish","type":"page","link":"http:\/\/www.gytabogados.com.ar\/new\/juan_francisco_lopez_inzausti\/","title":{"rendered":"Juan Lopez"},"content":{"rendered":"\t\t<div data-elementor-type=\"wp-page\" data-elementor-id=\"1337\" class=\"elementor elementor-1337\">\n\t\t\t\t\t\t<section class=\"elementor-section elementor-top-section elementor-element elementor-element-2c01e6c8 elementor-section-boxed elementor-section-height-default elementor-section-height-default\" data-id=\"2c01e6c8\" data-element_type=\"section\" data-e-type=\"section\">\n\t\t\t\t\t\t<div class=\"elementor-container elementor-column-gap-default\">\n\t\t\t\t\t<div class=\"elementor-column elementor-col-100 elementor-top-column elementor-element elementor-element-409cb070\" data-id=\"409cb070\" data-element_type=\"column\" data-e-type=\"column\">\n\t\t\t<div class=\"elementor-widget-wrap elementor-element-populated\">\n\t\t\t\t\t\t<div class=\"elementor-element elementor-element-233520c elementor-widget elementor-widget-image\" data-id=\"233520c\" data-element_type=\"widget\" data-e-type=\"widget\" data-settings=\"{&quot;_animation&quot;:&quot;none&quot;}\" data-widget_type=\"image.default\">\n\t\t\t\t<div class=\"elementor-widget-container\">\n\t\t\t\t\t\t\t\t\t\t\t\t\t\t\t<img fetchpriority=\"high\" decoding=\"async\" width=\"300\" height=\"291\" src=\"http:\/\/www.gytabogados.com.ar\/new\/wp-content\/uploads\/2018\/09\/IMG_20180918_161736881-e1537322147197-300x291.jpg\" class=\"attachment-medium size-medium wp-image-1551\" alt=\"\" srcset=\"http:\/\/www.gytabogados.com.ar\/new\/wp-content\/uploads\/2018\/09\/IMG_20180918_161736881-e1537322147197-300x291.jpg 300w, http:\/\/www.gytabogados.com.ar\/new\/wp-content\/uploads\/2018\/09\/IMG_20180918_161736881-e1537322147197-768x744.jpg 768w, http:\/\/www.gytabogados.com.ar\/new\/wp-content\/uploads\/2018\/09\/IMG_20180918_161736881-e1537322147197-1024x993.jpg 1024w\" sizes=\"(max-width: 300px) 100vw, 300px\" \/>\t\t\t\t\t\t\t\t\t\t\t\t\t\t\t<\/div>\n\t\t\t\t<\/div>\n\t\t\t\t<div class=\"elementor-element elementor-element-56d0d654 elementor-widget__width-initial elementor-widget elementor-widget-text-editor\" data-id=\"56d0d654\" data-element_type=\"widget\" data-e-type=\"widget\" data-settings=\"{&quot;_animation&quot;:&quot;none&quot;}\" data-widget_type=\"text-editor.default\">\n\t\t\t\t<div class=\"elementor-widget-container\">\n\t\t\t\t\t\t\t\t\t<ul><li>Abogado Asociado.<\/li><li>Abogado graduado en la Pontificia Universidad Cat\u00f3lica Argentina en el a\u00f1o 2022.<\/li><li>Matriculado para el ejercicio de la profesi\u00f3n en la Ciudad de Buenos Aires as\u00ed como en la Provincia de Buenos Aires.<\/li><li>En el a\u00f1o 2018 se incorpor\u00f3 como procurador en nuestro estudio, aportando su juventud y conocimiento.<br \/>Especializado en Derecho Civil, Inmobiliario y Comercial.<\/li><\/ul>\t\t\t\t\t\t\t\t<\/div>\n\t\t\t\t<\/div>\n\t\t\t\t\t<\/div>\n\t\t<\/div>\n\t\t\t\t\t<\/div>\n\t\t<\/section>\n\t\t\t\t<section class=\"elementor-section elementor-top-section elementor-element elementor-element-6df9f5a elementor-section-boxed elementor-section-height-default elementor-section-height-default\" data-id=\"6df9f5a\" data-element_type=\"section\" data-e-type=\"section\">\n\t\t\t\t\t\t<div class=\"elementor-container elementor-column-gap-default\">\n\t\t\t\t\t<div class=\"elementor-column elementor-col-100 elementor-top-column elementor-element elementor-element-4a04aaf\" data-id=\"4a04aaf\" data-element_type=\"column\" data-e-type=\"column\">\n\t\t\t<div class=\"elementor-widget-wrap\">\n\t\t\t\t\t\t\t<\/div>\n\t\t<\/div>\n\t\t\t\t\t<\/div>\n\t\t<\/section>\n\t\t\t\t<\/div>\n\t\t","protected":false},"excerpt":{"rendered":"<p>Abogado Asociado. Abogado graduado en la Pontificia Universidad Cat\u00f3lica Argentina en el a\u00f1o 2022. Matriculado para el ejercicio de la profesi\u00f3n en la Ciudad de Buenos Aires as\u00ed como en la Provincia de Buenos Aires. En el a\u00f1o 2018 se incorpor\u00f3 como procurador en nuestro estudio, aportando su juventud y&#8230;<\/p>\n","protected":false},"author":1,"featured_media":0,"parent":0,"menu_order":0,"comment_status":"closed","ping_status":"closed","template":"","meta":{"footnotes":""},"class_list":["post-1337","page","type-page","status-publish","hentry"],"_links":{"self":[{"href":"http:\/\/www.gytabogados.com.ar\/new\/wp-json\/wp\/v2\/pages\/1337","targetHints":{"allow":["GET"]}}],"collection":[{"href":"http:\/\/www.gytabogados.com.ar\/new\/wp-json\/wp\/v2\/pages"}],"about":[{"href":"http:\/\/www.gytabogados.com.ar\/new\/wp-json\/wp\/v2\/types\/page"}],"author":[{"embeddable":true,"href":"http:\/\/www.gytabogados.com.ar\/new\/wp-json\/wp\/v2\/users\/1"}],"replies":[{"embeddable":true,"href":"http:\/\/www.gytabogados.com.ar\/new\/wp-json\/wp\/v2\/comments?post=1337"}],"version-history":[{"count":12,"href":"http:\/\/www.gytabogados.com.ar\/new\/wp-json\/wp\/v2\/pages\/1337\/revisions"}],"predecessor-version":[{"id":1822,"href":"http:\/\/www.gytabogados.com.ar\/new\/wp-json\/wp\/v2\/pages\/1337\/revisions\/1822"}],"wp:attachment":[{"href":"http:\/\/www.gytabogados.com.ar\/new\/wp-json\/wp\/v2\/media?parent=1337"}],"curies":[{"name":"wp","href":"https:\/\/api.w.org\/{rel}","templated":true}]}}