{"id":1280,"date":"2018-03-19T01:32:25","date_gmt":"2018-03-19T01:32:25","guid":{"rendered":"http:\/\/test.cmsystem.com.ar\/?page_id=1280"},"modified":"2023-09-19T13:11:13","modified_gmt":"2023-09-19T13:11:13","slug":"maria-candelaria-galeliano","status":"publish","type":"page","link":"http:\/\/www.gytabogados.com.ar\/new\/maria-candelaria-galeliano\/","title":{"rendered":"Josephine Liv Miller Blanco"},"content":{"rendered":"\t\t<div data-elementor-type=\"wp-page\" data-elementor-id=\"1280\" class=\"elementor elementor-1280\">\n\t\t\t\t\t\t<section class=\"elementor-section elementor-top-section elementor-element elementor-element-1b4c50e9 elementor-section-boxed elementor-section-height-default elementor-section-height-default\" data-id=\"1b4c50e9\" data-element_type=\"section\" data-e-type=\"section\">\n\t\t\t\t\t\t<div class=\"elementor-container elementor-column-gap-default\">\n\t\t\t\t\t<div class=\"elementor-column elementor-col-100 elementor-top-column elementor-element elementor-element-c647b46\" data-id=\"c647b46\" data-element_type=\"column\" data-e-type=\"column\">\n\t\t\t<div class=\"elementor-widget-wrap elementor-element-populated\">\n\t\t\t\t\t\t<div class=\"elementor-element elementor-element-40190f36 elementor-widget elementor-widget-text-editor\" data-id=\"40190f36\" data-element_type=\"widget\" data-e-type=\"widget\" data-settings=\"{&quot;_animation&quot;:&quot;none&quot;}\" data-widget_type=\"text-editor.default\">\n\t\t\t\t<div class=\"elementor-widget-container\">\n\t\t\t\t\t\t\t\t\t<ul><li>Estudiante de la carrera de Abogac\u00eda cursando el Primer A\u00f1o en la Universidad de Buenos Aires.<\/li><li>En el a\u00f1o 2023 se incorpor\u00f3 como procuradora en nuestro estudio, aportando su juventud y conocimiento.<\/li><\/ul>\t\t\t\t\t\t\t\t<\/div>\n\t\t\t\t<\/div>\n\t\t\t\t\t<\/div>\n\t\t<\/div>\n\t\t\t\t\t<\/div>\n\t\t<\/section>\n\t\t\t\t<\/div>\n\t\t","protected":false},"excerpt":{"rendered":"<p>Estudiante de la carrera de Abogac\u00eda cursando el Primer A\u00f1o en la Universidad de Buenos Aires. En el a\u00f1o 2023 se incorpor\u00f3 como procuradora en nuestro estudio, aportando su juventud y conocimiento.<\/p>\n","protected":false},"author":1,"featured_media":0,"parent":0,"menu_order":0,"comment_status":"closed","ping_status":"closed","template":"","meta":{"footnotes":""},"class_list":["post-1280","page","type-page","status-publish","hentry"],"_links":{"self":[{"href":"http:\/\/www.gytabogados.com.ar\/new\/wp-json\/wp\/v2\/pages\/1280","targetHints":{"allow":["GET"]}}],"collection":[{"href":"http:\/\/www.gytabogados.com.ar\/new\/wp-json\/wp\/v2\/pages"}],"about":[{"href":"http:\/\/www.gytabogados.com.ar\/new\/wp-json\/wp\/v2\/types\/page"}],"author":[{"embeddable":true,"href":"http:\/\/www.gytabogados.com.ar\/new\/wp-json\/wp\/v2\/users\/1"}],"replies":[{"embeddable":true,"href":"http:\/\/www.gytabogados.com.ar\/new\/wp-json\/wp\/v2\/comments?post=1280"}],"version-history":[{"count":25,"href":"http:\/\/www.gytabogados.com.ar\/new\/wp-json\/wp\/v2\/pages\/1280\/revisions"}],"predecessor-version":[{"id":1813,"href":"http:\/\/www.gytabogados.com.ar\/new\/wp-json\/wp\/v2\/pages\/1280\/revisions\/1813"}],"wp:attachment":[{"href":"http:\/\/www.gytabogados.com.ar\/new\/wp-json\/wp\/v2\/media?parent=1280"}],"curies":[{"name":"wp","href":"https:\/\/api.w.org\/{rel}","templated":true}]}}