{"id":1270,"date":"2018-03-19T01:31:32","date_gmt":"2018-03-19T01:31:32","guid":{"rendered":"http:\/\/test.cmsystem.com.ar\/?page_id=1270"},"modified":"2023-09-19T13:17:54","modified_gmt":"2023-09-19T13:17:54","slug":"christian-marcelo-talamona","status":"publish","type":"page","link":"http:\/\/www.gytabogados.com.ar\/new\/christian-marcelo-talamona\/","title":{"rendered":"Christian Marcelo Talamona"},"content":{"rendered":"\t\t<div data-elementor-type=\"wp-page\" data-elementor-id=\"1270\" class=\"elementor elementor-1270\">\n\t\t\t\t\t\t<section class=\"elementor-section elementor-top-section elementor-element elementor-element-a6e47c6 elementor-section-boxed elementor-section-height-default elementor-section-height-default\" data-id=\"a6e47c6\" data-element_type=\"section\" data-e-type=\"section\">\n\t\t\t\t\t\t<div class=\"elementor-container elementor-column-gap-default\">\n\t\t\t\t\t<div class=\"elementor-column elementor-col-100 elementor-top-column elementor-element elementor-element-57d5921\" data-id=\"57d5921\" data-element_type=\"column\" data-e-type=\"column\">\n\t\t\t<div class=\"elementor-widget-wrap elementor-element-populated\">\n\t\t\t\t\t\t<div class=\"elementor-element elementor-element-c79f6d3 elementor-widget elementor-widget-image\" data-id=\"c79f6d3\" data-element_type=\"widget\" data-e-type=\"widget\" data-settings=\"{&quot;_animation&quot;:&quot;none&quot;}\" data-widget_type=\"image.default\">\n\t\t\t\t<div class=\"elementor-widget-container\">\n\t\t\t\t\t\t\t\t\t\t\t\t\t\t\t<img fetchpriority=\"high\" decoding=\"async\" width=\"300\" height=\"224\" src=\"http:\/\/www.gytabogados.com.ar\/new\/wp-content\/uploads\/2018\/03\/chris-1-e1522371289835-300x224.jpg\" class=\"attachment-medium size-medium wp-image-1404\" alt=\"\" srcset=\"http:\/\/www.gytabogados.com.ar\/new\/wp-content\/uploads\/2018\/03\/chris-1-e1522371289835-300x224.jpg 300w, http:\/\/www.gytabogados.com.ar\/new\/wp-content\/uploads\/2018\/03\/chris-1-e1522371289835.jpg 404w\" sizes=\"(max-width: 300px) 100vw, 300px\" \/>\t\t\t\t\t\t\t\t\t\t\t\t\t\t\t<\/div>\n\t\t\t\t<\/div>\n\t\t\t\t\t<\/div>\n\t\t<\/div>\n\t\t\t\t\t<\/div>\n\t\t<\/section>\n\t\t\t\t<section class=\"elementor-section elementor-top-section elementor-element elementor-element-daa2f68 elementor-section-boxed elementor-section-height-default elementor-section-height-default\" data-id=\"daa2f68\" data-element_type=\"section\" data-e-type=\"section\">\n\t\t\t\t\t\t<div class=\"elementor-container elementor-column-gap-default\">\n\t\t\t\t\t<div class=\"elementor-column elementor-col-100 elementor-top-column elementor-element elementor-element-0fce9c8\" data-id=\"0fce9c8\" data-element_type=\"column\" data-e-type=\"column\">\n\t\t\t<div class=\"elementor-widget-wrap elementor-element-populated\">\n\t\t\t\t\t\t<div class=\"elementor-element elementor-element-f534118 elementor-widget elementor-widget-text-editor\" data-id=\"f534118\" data-element_type=\"widget\" data-e-type=\"widget\" data-settings=\"{&quot;_animation&quot;:&quot;none&quot;}\" data-widget_type=\"text-editor.default\">\n\t\t\t\t<div class=\"elementor-widget-container\">\n\t\t\t\t\t\t\t\t\t<ul>\n<li>Abogado graduado en la Pontificia Universidad Cat\u00f3lica Argentina en el a\u00f1o 1999.<\/li><li>Premio al Mejor Promedio en el Master sobre Derecho Empresarial Econ\u00f3mico dictado en la Pontifica Universidad Cat\u00f3lica Argentina en 2004.<\/li><li>Desde sus inicios y siendo un estudiante trabaj\u00f3 en diversos Juzgados Nacionales del Trabajo, continuando su carrera profesional a partir del a\u00f1o 1997 en Matta y Trejo Abogados, en el cual ha participado activamente en diversos concursos preventivos de renombre como el de Sasetru S.A., Agrest S.A. y Orandi Massera S.A. Posteriormente, en el a\u00f1o 1999 se incorpora a Gimenez Hutton Abogados, donde llego a estar a cargo del Departamento de Derecho Corporativo y Concursal.<\/li><li>A partir del a\u00f1o 2008 se incorpor\u00f3 como socio del Estudio \u201cGaleliano &amp; Talamona Abogados\u201d.<\/li><li>Durante su carrera se ha desempe\u00f1ado como apoderado de distintas Empresas, Compa\u00f1\u00edas Aseguradoras y entidades bancarias, tanto nacionales como internacionales de primer nivel, como Repsol Qu\u00edmica, Fagor Electrodom\u00e9sticos, Coface, Mapfre Cauci\u00f3n y Cr\u00e9dito, Compa\u00f1\u00eda Espa\u00f1ola de Seguros de Cr\u00e9dito a la Exportaci\u00f3n, Banco Santander Central Hispano, Banco Bilbao Vizcaya Argentaria, Credit Lyonnais, Torraspapel, entre otros.<\/li><li>Ha realizado m\u00e1s de cuarenta cursos de Posgrado especializ\u00e1ndose de esta manera en el \u00e1rea empresarial con especial enfoque en materia societaria y concursal.<\/li><li>Actualmente se desempe\u00f1a como abogado de diversas empresas de renombre como Volkswagen, Mercedes Benz, Banco de Servicios y Transacciones, Club Atletico Independiente, Chubb Argentina de Seguros, Club Atletico Gimnasia y Esgrima de Buenos Aires (GEBA), entre otros.<\/li><li>Actualmente se desempe\u00f1a como off counsel de distintos Estudios de renombre como el Estudio Alchouron, Berisso, Fernandez Pelayo &amp; Balconi Abogados (ABBFP Abogados) y del Estudio Michelson Abogados en materia societaria y concursal.<\/li><li>Profesor de la Maestr\u00eda en Derecho Empresarial que se dicta en la Universidad de Buenos Aires (UBA) as\u00ed como tambi\u00e9n de la Maestr\u00eda en Derecho Empresarial Econ\u00f3mica que se dicta en la Pontificia Universidad Cat\u00f3lica Argentina (UCA).<\/li><li>Profesor del Curso de Posgrado de Asesoramiento Jur\u00eddico de Empresas (AJE) que se desarrolla en la Pontificia Universidad Cat\u00f3lica Argentina (UCA).<\/li><li>Profesor en los Cursos de Posgrado sobre Temas Societarios y Derecho Concursal que se desarrollan en el Colegio de Abogados de San Isidro (CASI), en el \u201cPrograma Profundizado en el Curso de Derecho de la Empresa\u201d de la Universidad de Ciencias Empresariales y Sociales (UCES), y en la Universidad de Belgrano.<\/li><li>Profesor y a la vez Director de los Cursos de Posgrados de \u201cTemas Societarios\u201d, de \u201cContratos Empresarios Modernos\u201d y de \u201cDerecho Concursal Profundizado\u201d de la Universidad Cat\u00f3lica Argentina (UCA).<\/li><li>Es Director y profesor de los Cursos de Posgrado de \u201cTemas Societarios\u201d, \u201cContratos Empresarios Modernos\u201d y \u201cDerecho Concursal Profundizado\u201d, organizados por la Universidad Cat\u00f3lica de Mar del Plata as\u00ed como tambi\u00e9n del Curso de Especializaci\u00f3n en Derecho Concursal y Falencial que se desarrolla en el Colegio de Abogados de San Isidro (CASI).<\/li><li>Posee una amplia experiencia en litigios de alta complejidad de naturaleza comercial (en materias tales como concursos y quiebras, conflictos societarios, disputas contractuales, entre otros).<\/li><li>Coautor del Tratado de Derecho Comercial, de Editorial La Ley, dirigido por Ernesto Martorell.<\/li><li>Coautor del Tratado de los Conflictos Societarios, de Editorial Abeledo Perrot, dirigido por Diego Duprat.<\/li><li>Colaborador habitual de la Revista de Derecho Comercial, del Consumidor y de la Empresa de la Editorial La Ley, cuyo Director es Hector Alegria.<\/li><li>Es autor de numerosos trabajos doctrinarios publicados en diversos diarios de publicaciones locales.<\/li><li>Disertante en m\u00faltiples congresos y eventos acad\u00e9micos tanto nacionales como internacionales.<\/li><li>Es especialista en reestructuraci\u00f3n de pasivos y en prevenci\u00f3n de la insolvencia, as\u00ed como en derecho societario.<\/li><\/ul>\t\t\t\t\t\t\t\t<\/div>\n\t\t\t\t<\/div>\n\t\t\t\t\t<\/div>\n\t\t<\/div>\n\t\t\t\t\t<\/div>\n\t\t<\/section>\n\t\t\t\t<\/div>\n\t\t","protected":false},"excerpt":{"rendered":"<p>Abogado graduado en la Pontificia Universidad Cat\u00f3lica Argentina en el a\u00f1o 1999. Premio al Mejor Promedio en el Master sobre Derecho Empresarial Econ\u00f3mico dictado en la Pontifica Universidad Cat\u00f3lica Argentina en 2004. Desde sus inicios y siendo un estudiante trabaj\u00f3 en diversos Juzgados Nacionales del Trabajo, continuando su carrera profesional&#8230;<\/p>\n","protected":false},"author":1,"featured_media":0,"parent":0,"menu_order":0,"comment_status":"closed","ping_status":"closed","template":"","meta":{"footnotes":""},"class_list":["post-1270","page","type-page","status-publish","hentry"],"_links":{"self":[{"href":"http:\/\/www.gytabogados.com.ar\/new\/wp-json\/wp\/v2\/pages\/1270","targetHints":{"allow":["GET"]}}],"collection":[{"href":"http:\/\/www.gytabogados.com.ar\/new\/wp-json\/wp\/v2\/pages"}],"about":[{"href":"http:\/\/www.gytabogados.com.ar\/new\/wp-json\/wp\/v2\/types\/page"}],"author":[{"embeddable":true,"href":"http:\/\/www.gytabogados.com.ar\/new\/wp-json\/wp\/v2\/users\/1"}],"replies":[{"embeddable":true,"href":"http:\/\/www.gytabogados.com.ar\/new\/wp-json\/wp\/v2\/comments?post=1270"}],"version-history":[{"count":21,"href":"http:\/\/www.gytabogados.com.ar\/new\/wp-json\/wp\/v2\/pages\/1270\/revisions"}],"predecessor-version":[{"id":1837,"href":"http:\/\/www.gytabogados.com.ar\/new\/wp-json\/wp\/v2\/pages\/1270\/revisions\/1837"}],"wp:attachment":[{"href":"http:\/\/www.gytabogados.com.ar\/new\/wp-json\/wp\/v2\/media?parent=1270"}],"curies":[{"name":"wp","href":"https:\/\/api.w.org\/{rel}","templated":true}]}}