{"id":1268,"date":"2018-03-19T01:31:19","date_gmt":"2018-03-19T01:31:19","guid":{"rendered":"http:\/\/test.cmsystem.com.ar\/?page_id=1268"},"modified":"2023-09-19T13:18:36","modified_gmt":"2023-09-19T13:18:36","slug":"roberto-angel-galeliano","status":"publish","type":"page","link":"http:\/\/www.gytabogados.com.ar\/new\/roberto-angel-galeliano\/","title":{"rendered":"Roberto Angel Galeliano"},"content":{"rendered":"\t\t<div data-elementor-type=\"wp-page\" data-elementor-id=\"1268\" class=\"elementor elementor-1268\">\n\t\t\t\t\t\t<section class=\"elementor-section elementor-top-section elementor-element elementor-element-0204ffc elementor-section-boxed elementor-section-height-default elementor-section-height-default\" data-id=\"0204ffc\" data-element_type=\"section\" data-e-type=\"section\">\n\t\t\t\t\t\t<div class=\"elementor-container elementor-column-gap-default\">\n\t\t\t\t\t<div class=\"elementor-column elementor-col-100 elementor-top-column elementor-element elementor-element-c8bd6d9\" data-id=\"c8bd6d9\" data-element_type=\"column\" data-e-type=\"column\">\n\t\t\t<div class=\"elementor-widget-wrap elementor-element-populated\">\n\t\t\t\t\t\t<div class=\"elementor-element elementor-element-c7a7dde elementor-widget elementor-widget-image\" data-id=\"c7a7dde\" data-element_type=\"widget\" data-e-type=\"widget\" data-settings=\"{&quot;_animation&quot;:&quot;none&quot;}\" data-widget_type=\"image.default\">\n\t\t\t\t<div class=\"elementor-widget-container\">\n\t\t\t\t\t\t\t\t\t\t\t\t\t\t\t<img fetchpriority=\"high\" decoding=\"async\" width=\"300\" height=\"234\" src=\"http:\/\/www.gytabogados.com.ar\/new\/wp-content\/uploads\/2018\/09\/IMG-20180518-WA0008-1-300x234.jpg\" class=\"attachment-medium size-medium wp-image-1624\" alt=\"\" srcset=\"http:\/\/www.gytabogados.com.ar\/new\/wp-content\/uploads\/2018\/09\/IMG-20180518-WA0008-1-300x234.jpg 300w, http:\/\/www.gytabogados.com.ar\/new\/wp-content\/uploads\/2018\/09\/IMG-20180518-WA0008-1.jpg 645w\" sizes=\"(max-width: 300px) 100vw, 300px\" \/>\t\t\t\t\t\t\t\t\t\t\t\t\t\t\t<\/div>\n\t\t\t\t<\/div>\n\t\t\t\t\t<\/div>\n\t\t<\/div>\n\t\t\t\t\t<\/div>\n\t\t<\/section>\n\t\t\t\t<section class=\"elementor-section elementor-top-section elementor-element elementor-element-54a2ed1c elementor-section-boxed elementor-section-height-default elementor-section-height-default\" data-id=\"54a2ed1c\" data-element_type=\"section\" data-e-type=\"section\">\n\t\t\t\t\t\t<div class=\"elementor-container elementor-column-gap-default\">\n\t\t\t\t\t<div class=\"elementor-column elementor-col-100 elementor-top-column elementor-element elementor-element-8a8b07b\" data-id=\"8a8b07b\" data-element_type=\"column\" data-e-type=\"column\">\n\t\t\t<div class=\"elementor-widget-wrap elementor-element-populated\">\n\t\t\t\t\t\t<div class=\"elementor-element elementor-element-66374bc4 elementor-widget elementor-widget-text-editor\" data-id=\"66374bc4\" data-element_type=\"widget\" data-e-type=\"widget\" data-settings=\"{&quot;_animation&quot;:&quot;none&quot;}\" data-widget_type=\"text-editor.default\">\n\t\t\t\t<div class=\"elementor-widget-container\">\n\t\t\t\t\t\t\t\t\t<ul>\r\n \t<li style=\"text-align: justify;\">Abogado graduado en la Universidad de Buenos Aires en el a\u00f1o 1960.<\/li>\r\n \t<li style=\"text-align: justify;\">Socio Fundador del Estudio en el a\u00f1o 1960, especializ\u00e1ndose principalmente en el Derecho Empresarial.<\/li>\r\n \t<li style=\"text-align: justify;\">Matriculado para el ejercicio de la profesi\u00f3n en la Ciudad de Buenos Aires como en la Provincia de Buenos Aires.<\/li>\r\n \t<li style=\"text-align: justify;\">Ejerci\u00f3 los cargos de Director y S\u00edndico de diversas Sociedades An\u00f3nimas de renombre, as\u00ed como tambi\u00e9n represent\u00f3 extra y judicialmente a distintas empresas y entidades bancarias nacionales.<\/li>\r\n \t<li style=\"text-align: justify;\">Apoderado Judicial de una de las m\u00e1s importantes Compa\u00f1\u00edas de Seguros, Royal &amp; Sun Alliance Seguros SA, por lo que reune no solo experiencia profesional sino tambi\u00e9n un amplio conocimiento del mundo empresarial. Tambi\u00e9n ha conducido a distintas Entidades Civiles sin fines de lucro.<\/li>\r\n \t<li style=\"text-align: justify;\">Disertante habitual en las distintas Jornadas de Actualizaci\u00f3n y Seminarios en materia de Derecho Empresarial.<\/li>\r\n \t<li style=\"text-align: justify;\">Ha asistido a diversos Congresos, Seminarios, y Jornadas de Actualizaci\u00f3n referidas principalmente al Derecho Empresarial, Derecho Civil, Derecho Comercial, Derecho Laboral y Derecho Penal Econ\u00f3mico.<\/li>\r\n \t<li style=\"text-align: justify;\">Especialista en Asesoramiento de Empresas, Derecho Societario y Derecho Concursal.<\/li>\r\n \t<li style=\"text-align: justify;\">Idiomas: Castellano.<\/li>\r\n<\/ul>\t\t\t\t\t\t\t\t<\/div>\n\t\t\t\t<\/div>\n\t\t\t\t\t<\/div>\n\t\t<\/div>\n\t\t\t\t\t<\/div>\n\t\t<\/section>\n\t\t\t\t<\/div>\n\t\t","protected":false},"excerpt":{"rendered":"<p>Abogado graduado en la Universidad de Buenos Aires en el a\u00f1o 1960. Socio Fundador del Estudio en el a\u00f1o 1960, especializ\u00e1ndose principalmente en el Derecho Empresarial. Matriculado para el ejercicio de la profesi\u00f3n en la Ciudad de Buenos Aires como en la Provincia de Buenos Aires. Ejerci\u00f3 los cargos de&#8230;<\/p>\n","protected":false},"author":1,"featured_media":0,"parent":0,"menu_order":0,"comment_status":"closed","ping_status":"closed","template":"","meta":{"footnotes":""},"class_list":["post-1268","page","type-page","status-publish","hentry"],"_links":{"self":[{"href":"http:\/\/www.gytabogados.com.ar\/new\/wp-json\/wp\/v2\/pages\/1268","targetHints":{"allow":["GET"]}}],"collection":[{"href":"http:\/\/www.gytabogados.com.ar\/new\/wp-json\/wp\/v2\/pages"}],"about":[{"href":"http:\/\/www.gytabogados.com.ar\/new\/wp-json\/wp\/v2\/types\/page"}],"author":[{"embeddable":true,"href":"http:\/\/www.gytabogados.com.ar\/new\/wp-json\/wp\/v2\/users\/1"}],"replies":[{"embeddable":true,"href":"http:\/\/www.gytabogados.com.ar\/new\/wp-json\/wp\/v2\/comments?post=1268"}],"version-history":[{"count":9,"href":"http:\/\/www.gytabogados.com.ar\/new\/wp-json\/wp\/v2\/pages\/1268\/revisions"}],"predecessor-version":[{"id":1840,"href":"http:\/\/www.gytabogados.com.ar\/new\/wp-json\/wp\/v2\/pages\/1268\/revisions\/1840"}],"wp:attachment":[{"href":"http:\/\/www.gytabogados.com.ar\/new\/wp-json\/wp\/v2\/media?parent=1268"}],"curies":[{"name":"wp","href":"https:\/\/api.w.org\/{rel}","templated":true}]}}