{"id":1245,"date":"2018-03-18T23:46:59","date_gmt":"2018-03-18T23:46:59","guid":{"rendered":"http:\/\/test.cmsystem.com.ar\/?page_id=1245"},"modified":"2018-06-20T16:18:04","modified_gmt":"2018-06-20T16:18:04","slug":"areas-de-practica","status":"publish","type":"page","link":"http:\/\/www.gytabogados.com.ar\/new\/areas-de-practica\/","title":{"rendered":"AREAS DE PRACTICA"},"content":{"rendered":"<p>A continuaci\u00f3n, les detallamos nuestras principales \u00e1reas de trabajo:<\/p>\n<p><b>Asesoramiento a empresas en situaci\u00f3n de insolvencia. Reestructuracion de Pasivos. <\/b><\/p>\n<p>&#8211; Asesoramiento preconcursal. Reestructuraci\u00f3n privada de pasivos.<\/p>\n<p>&#8211; Restructuraci\u00f3n judicial de pasivos a trav\u00e9s de procedimientos de Acuerdo Preventivo Extrajudicial o de Concurso Preventivo.<\/p>\n<p>&#8211; Asesoramiento y representaci\u00f3n de sociedades y de personas f\u00edsicas en concursos preventivos y quiebras.<\/p>\n<p>&#8211; Elaboraci\u00f3n de documentaci\u00f3n contable y societaria para el concurso preventivo. Negociaci\u00f3n con acreedores.<\/p>\n<p>&#8211; Preparaci\u00f3n de verificaci\u00f3n y reconocimiento de cr\u00e9ditos. Tramitaci\u00f3n de Incidentes de revisi\u00f3n y de verificaci\u00f3n tard\u00eda. Continuaci\u00f3n de juicios ordinarios.<\/p>\n<p>&#8211; Levantamiento de quiebras. Avenimientos. Acuerdos de pago. Clausura y conclusi\u00f3n de la quiebra. Rehabilitaci\u00f3n del fallido.<\/p>\n<p>&#8211; Defensa letrada de socios, directores y adminsitradores frente a acciones de responsabilidad.<\/p>\n<p><b>Asesoramiento Societario: <\/b><\/p>\n<p>&#8211; Constituci\u00f3n e inscripci\u00f3n de sociedades y sucursales de sociedades extranjeras.<\/p>\n<p>&#8211; Diagramaci\u00f3n de estructuras societarias e impositivas.<\/p>\n<p>&#8211; Compraventa de paquetes accionarios y procesos de Auditorias Legales \u201cdue diligence\u201d.<\/p>\n<p>&#8211; Operaciones de fusi\u00f3n y escisiones de sociedades.<\/p>\n<p>&#8211; Reorganizaciones societarias.<\/p>\n<p>&#8211; Tutela de los derechos de la sociedad y de los socios.<\/p>\n<p>&#8211; Asesoramiento en conflictos societarios.<\/p>\n<p>&#8211; Acciones de impugnaci\u00f3n de Asambleas.<\/p>\n<p>&#8211; Acci\u00f3n social e individual de responsabilidad de adminsitradores.<\/p>\n<p>&#8211; Convocatoria judicial de Asambleas.<\/p>\n<p>&#8211; Disoluci\u00f3n y liquidaci\u00f3n de sociedades comerciales.<\/p>\n<p><b>Asesoramiento Laboral:<\/b><\/p>\n<p>&#8211; Asesoramiento integral en materia de Derecho Laboral Empresario.<\/p>\n<p>&#8211; Consultor\u00eda permanente, en especial de car\u00e1cter preventivo.<\/p>\n<p>&#8211; Defensa letrada en conflictos laborales tanto en sede judicial como en sede administrativa.<\/p>\n<p>&#8211; Asesoramiento en asuntos laborales que afectan a la m\u00e1s variada gama de negocios e industrias, incluyendo las de log\u00edstica, construcci\u00f3n, de seguridad, manufactureras y otros servicios.<\/p>\n<p>&#8211; Negociaci\u00f3n y redacci\u00f3n de contratos de trabajo, reglamentos de empresa, planes de seguridad social, suspensi\u00f3n y extinci\u00f3n de la relaci\u00f3n laboral.<\/p>\n<p><b>Asesoramiento Integral de Empresas<\/b>.<\/p>\n<p>&#8211; Asesoramiento y redacci\u00f3n de contratos comerciales (Distribucion, franquicia, fideicomiso, leasing, entre otros).<\/p>\n<p>&#8211; Defensa del Consumidor.<\/p>\n<p>&#8211; Defensa de la Competencia y Lealtad Comercial.<\/p>\n<p>&#8211; Negociaci\u00f3n y recupero de deudas. Cobranzas extrajudiciales y judiciales.<\/p>\n<p>&#8211; Asesoramiento en materia comercial local e internacional.<\/p>\n<p>&#8211; Asesoramiento en la constituci\u00f3n de fideicomisos de administracion y de garant\u00eda.<\/p>\n<p><b>Asesoramiento en Derecho Civil:<\/b><\/p>\n<p>&#8211; Asesoramiento en asuntos de Familia. Divorcios. Planificacion del patrimonio familiar.<\/p>\n<p>&#8211; Presentaci\u00f3n judicial de Sucesiones ab intestato y testamentarias.<\/p>\n<p><a name=\"_GoBack\"><\/a> &#8211; Asesoramiento en materia de empresas de familia.<\/p>\n<p>&#8211; Asesoramiento en materia de reclamos civiles y comerciales de Da\u00f1os y Perjuicios.<\/p>\n<p>&#8211; Responsabilidad Civil.<\/p>\n<p>&#8211; Cumplimiento y resoluci\u00f3n de contratos.<\/p>\n<p>&#8211; Redacci\u00f3n de contratos Civiles (locaci\u00f3n, asociaci\u00f3n, fundaci\u00f3n, compraventa, donaci\u00f3n, entre otros).<\/p>\n<p><b>Asesoramiento en Derecho Tributario: <\/b><\/p>\n<p>&#8211; Defensa tributaria ante los organismos recaudadores (AFIP \u2013 Rentas).<\/p>\n<p>&#8211; Defensa tributaria en sede administrativa y judicial.<\/p>\n<p>&#8211; Reestructuraci\u00f3n de deudas mediante la suscripci\u00f3n de moratorias.<\/p>\n<p>&#8211; Estudio de planes de facilidades de pagos.<\/p>\n<p>&#8211; Levantamiento de clausuras de establecimientos comerciales.<\/p>\n<p>&#8211; Intimaciones de pago.<\/p>\n<p>&#8211; Levantamiento de embargos.<\/p>\n<p>&#8211; Planificacion fiscal concreta de cada negocio.<\/p>\n<p>&#8211; Analisis impositivos en fusiones y adquisiciones de empresas.<\/p>\n","protected":false},"excerpt":{"rendered":"<p>A continuaci\u00f3n, les detallamos nuestras principales \u00e1reas de trabajo: Asesoramiento a empresas en situaci\u00f3n de insolvencia. Reestructuracion de Pasivos. &#8211; Asesoramiento preconcursal. Reestructuraci\u00f3n privada de pasivos. &#8211; Restructuraci\u00f3n judicial de pasivos a trav\u00e9s de procedimientos de Acuerdo Preventivo Extrajudicial o de Concurso Preventivo. &#8211; Asesoramiento y representaci\u00f3n de sociedades y&#8230;<\/p>\n","protected":false},"author":1,"featured_media":0,"parent":0,"menu_order":0,"comment_status":"closed","ping_status":"closed","template":"","meta":{"footnotes":""},"class_list":["post-1245","page","type-page","status-publish","hentry"],"_links":{"self":[{"href":"http:\/\/www.gytabogados.com.ar\/new\/wp-json\/wp\/v2\/pages\/1245","targetHints":{"allow":["GET"]}}],"collection":[{"href":"http:\/\/www.gytabogados.com.ar\/new\/wp-json\/wp\/v2\/pages"}],"about":[{"href":"http:\/\/www.gytabogados.com.ar\/new\/wp-json\/wp\/v2\/types\/page"}],"author":[{"embeddable":true,"href":"http:\/\/www.gytabogados.com.ar\/new\/wp-json\/wp\/v2\/users\/1"}],"replies":[{"embeddable":true,"href":"http:\/\/www.gytabogados.com.ar\/new\/wp-json\/wp\/v2\/comments?post=1245"}],"version-history":[{"count":2,"href":"http:\/\/www.gytabogados.com.ar\/new\/wp-json\/wp\/v2\/pages\/1245\/revisions"}],"predecessor-version":[{"id":1429,"href":"http:\/\/www.gytabogados.com.ar\/new\/wp-json\/wp\/v2\/pages\/1245\/revisions\/1429"}],"wp:attachment":[{"href":"http:\/\/www.gytabogados.com.ar\/new\/wp-json\/wp\/v2\/media?parent=1245"}],"curies":[{"name":"wp","href":"https:\/\/api.w.org\/{rel}","templated":true}]}}