{"id":1239,"date":"2018-03-18T23:45:05","date_gmt":"2018-03-18T23:45:05","guid":{"rendered":"http:\/\/test.cmsystem.com.ar\/?page_id=1239"},"modified":"2023-10-25T19:52:44","modified_gmt":"2023-10-25T19:52:44","slug":"estudio","status":"publish","type":"page","link":"http:\/\/www.gytabogados.com.ar\/new\/estudio\/","title":{"rendered":"Estudio"},"content":{"rendered":"<p>El estudio GALELIANO &amp; TALAMONA ABOGADOS asume como misi\u00f3n fundamental que nuestros clientes alcancen sus objetivos de negocios, a trav\u00e9s de la solvencia e idoneidad de los abogados que componen nuestro estudio ayud\u00e1ndolos a anticiparse a problemas futuros. Nuestros abogados trabajan en forma coordinada con profesionales en Ciencias Econ\u00f3micas en los aspectos contables, impositivos y de administraci\u00f3n.<\/p>\n<p>Garantizamos la presencia constante de un Socio en cada asunto, asegurando un trato directo con el cliente y nuestra asistencia activa tanto en la etapa extrajudicial como judicial.<\/p>\n<p>La honestidad, eficiencia, \u00e9tica, el trato personalizado y diario con los clientes, la profundidad en el an\u00e1lisis del derecho y el trabajo en equipo son los pilares fundamentales del esp\u00edritu de nuestro Estudio.<\/p>\n<p>Para el estudio GALELIANO &amp; TALAMONA ABOGADOS cada uno de sus clientes es realmente importante y es por eso que le dedicamos nuestros mejores recursos, atenci\u00f3n y servicios para poder comprender sus objetivos de negocios y poder ser creativos a la hora de lograr soluciones legales.<\/p>\n","protected":false},"excerpt":{"rendered":"<p>El estudio GALELIANO &amp; TALAMONA ABOGADOS asume como misi\u00f3n fundamental que nuestros clientes alcancen sus objetivos de negocios, a trav\u00e9s de la solvencia e idoneidad de los abogados que componen nuestro estudio ayud\u00e1ndolos a anticiparse a problemas futuros. Nuestros abogados trabajan en forma coordinada con profesionales en Ciencias Econ\u00f3micas en&#8230;<\/p>\n","protected":false},"author":1,"featured_media":0,"parent":0,"menu_order":0,"comment_status":"closed","ping_status":"closed","template":"","meta":{"footnotes":""},"class_list":["post-1239","page","type-page","status-publish","hentry"],"_links":{"self":[{"href":"http:\/\/www.gytabogados.com.ar\/new\/wp-json\/wp\/v2\/pages\/1239","targetHints":{"allow":["GET"]}}],"collection":[{"href":"http:\/\/www.gytabogados.com.ar\/new\/wp-json\/wp\/v2\/pages"}],"about":[{"href":"http:\/\/www.gytabogados.com.ar\/new\/wp-json\/wp\/v2\/types\/page"}],"author":[{"embeddable":true,"href":"http:\/\/www.gytabogados.com.ar\/new\/wp-json\/wp\/v2\/users\/1"}],"replies":[{"embeddable":true,"href":"http:\/\/www.gytabogados.com.ar\/new\/wp-json\/wp\/v2\/comments?post=1239"}],"version-history":[{"count":2,"href":"http:\/\/www.gytabogados.com.ar\/new\/wp-json\/wp\/v2\/pages\/1239\/revisions"}],"predecessor-version":[{"id":1870,"href":"http:\/\/www.gytabogados.com.ar\/new\/wp-json\/wp\/v2\/pages\/1239\/revisions\/1870"}],"wp:attachment":[{"href":"http:\/\/www.gytabogados.com.ar\/new\/wp-json\/wp\/v2\/media?parent=1239"}],"curies":[{"name":"wp","href":"https:\/\/api.w.org\/{rel}","templated":true}]}}